{"id":6802,"date":"2023-08-30T06:30:23","date_gmt":"2023-08-30T06:30:23","guid":{"rendered":"https:\/\/toinen.mastercam.fi\/?page_id=6802"},"modified":"2024-09-16T11:34:04","modified_gmt":"2024-09-16T08:34:04","slug":"router","status":"publish","type":"page","link":"https:\/\/mastercam.fi\/index.php\/router\/","title":{"rendered":"Router"},"content":{"rendered":"\t\t<div data-elementor-type=\"wp-page\" data-elementor-id=\"6802\" class=\"elementor elementor-6802\">\n\t\t\t\t\t\t\t\t\t<section class=\"elementor-section elementor-top-section elementor-element elementor-element-ee78c76 elementor-section-boxed elementor-section-height-default elementor-section-height-default\" data-id=\"ee78c76\" data-element_type=\"section\">\n\t\t\t\t\t\t<div class=\"elementor-container elementor-column-gap-default\">\n\t\t\t\t\t<div class=\"elementor-column elementor-col-100 elementor-top-column elementor-element elementor-element-588054f\" data-id=\"588054f\" data-element_type=\"column\">\n\t\t\t<div class=\"elementor-widget-wrap\">\n\t\t\t\t\t\t\t\t\t<\/div>\n\t\t<\/div>\n\t\t\t\t\t\t\t<\/div>\n\t\t<\/section>\n\t\t\t\t<section class=\"elementor-section elementor-top-section elementor-element elementor-element-f8b8003 elementor-section-stretched elementor-section-boxed elementor-section-height-default elementor-section-height-default\" data-id=\"f8b8003\" data-element_type=\"section\" data-settings=\"{&quot;stretch_section&quot;:&quot;section-stretched&quot;,&quot;background_background&quot;:&quot;classic&quot;}\">\n\t\t\t\t\t\t<div class=\"elementor-container elementor-column-gap-default\">\n\t\t\t\t\t<div class=\"elementor-column elementor-col-100 elementor-top-column elementor-element elementor-element-dd6040c\" data-id=\"dd6040c\" data-element_type=\"column\">\n\t\t\t<div class=\"elementor-widget-wrap elementor-element-populated\">\n\t\t\t\t\t\t\t\t<div class=\"elementor-element elementor-element-0614bd7 elementor-widget elementor-widget-heading\" data-id=\"0614bd7\" data-element_type=\"widget\" data-widget_type=\"heading.default\">\n\t\t\t\t<div class=\"elementor-widget-container\">\n\t\t\t<style>\/*! elementor - v3.13.3 - 28-05-2023 *\/\n.elementor-heading-title{padding:0;margin:0;line-height:1}.elementor-widget-heading .elementor-heading-title[class*=elementor-size-]>a{color:inherit;font-size:inherit;line-height:inherit}.elementor-widget-heading .elementor-heading-title.elementor-size-small{font-size:15px}.elementor-widget-heading .elementor-heading-title.elementor-size-medium{font-size:19px}.elementor-widget-heading .elementor-heading-title.elementor-size-large{font-size:29px}.elementor-widget-heading .elementor-heading-title.elementor-size-xl{font-size:39px}.elementor-widget-heading .elementor-heading-title.elementor-size-xxl{font-size:59px}<\/style><h1 class=\"elementor-heading-title elementor-size-default\">Router<\/h1>\t\t<\/div>\n\t\t\t\t<\/div>\n\t\t\t\t<div class=\"elementor-element elementor-element-ce167e0 elementor-widget elementor-widget-text-editor\" data-id=\"ce167e0\" data-element_type=\"widget\" data-widget_type=\"text-editor.default\">\n\t\t\t\t<div class=\"elementor-widget-container\">\n\t\t\t<style>\/*! elementor - v3.13.3 - 28-05-2023 *\/\n.elementor-widget-text-editor.elementor-drop-cap-view-stacked .elementor-drop-cap{background-color:#69727d;color:#fff}.elementor-widget-text-editor.elementor-drop-cap-view-framed .elementor-drop-cap{color:#69727d;border:3px solid;background-color:transparent}.elementor-widget-text-editor:not(.elementor-drop-cap-view-default) .elementor-drop-cap{margin-top:8px}.elementor-widget-text-editor:not(.elementor-drop-cap-view-default) .elementor-drop-cap-letter{width:1em;height:1em}.elementor-widget-text-editor .elementor-drop-cap{float:left;text-align:center;line-height:1;font-size:50px}.elementor-widget-text-editor .elementor-drop-cap-letter{display:inline-block}<\/style>\t\t\t\t<p>Mastercam Router tarjoaa puunty\u00f6st\u00f6lle tehokaita ty\u00f6kaluja ja selke\u00e4n k\u00e4ytt\u00f6liittym\u00e4n.<\/p>\t\t\t\t\t\t<\/div>\n\t\t\t\t<\/div>\n\t\t\t\t<div class=\"elementor-element elementor-element-d812006 elementor-align-center elementor-widget elementor-widget-button\" data-id=\"d812006\" data-element_type=\"widget\" data-widget_type=\"button.default\">\n\t\t\t\t<div class=\"elementor-widget-container\">\n\t\t\t\t\t<div class=\"elementor-button-wrapper\">\n\t\t\t<a href=\"https:\/\/mastercam.fi\/wp-content\/uploads\/2024\/09\/ROUTEREntry_A4_suom.pdf\" class=\"elementor-button-link elementor-button elementor-size-lg\" role=\"button\">\n\t\t\t\t\t\t<span class=\"elementor-button-content-wrapper\">\n\t\t\t\t\t\t<span class=\"elementor-button-text\">Tuotevertailu<\/span>\n\t\t<\/span>\n\t\t\t\t\t<\/a>\n\t\t<\/div>\n\t\t\t\t<\/div>\n\t\t\t\t<\/div>\n\t\t\t\t\t<\/div>\n\t\t<\/div>\n\t\t\t\t\t\t\t<\/div>\n\t\t<\/section>\n\t\t\t\t<section class=\"elementor-section elementor-top-section elementor-element elementor-element-ee5b0d1 elementor-section-boxed elementor-section-height-default elementor-section-height-default\" data-id=\"ee5b0d1\" data-element_type=\"section\">\n\t\t\t\t\t\t<div class=\"elementor-container elementor-column-gap-default\">\n\t\t\t\t\t<div class=\"elementor-column elementor-col-50 elementor-top-column elementor-element elementor-element-a5b471b\" data-id=\"a5b471b\" data-element_type=\"column\">\n\t\t\t<div class=\"elementor-widget-wrap elementor-element-populated\">\n\t\t\t\t\t\t\t\t<div class=\"elementor-element elementor-element-b43d325 elementor-widget elementor-widget-image\" data-id=\"b43d325\" data-element_type=\"widget\" data-widget_type=\"image.default\">\n\t\t\t\t<div class=\"elementor-widget-container\">\n\t\t\t<style>\/*! elementor - v3.13.3 - 28-05-2023 *\/\n.elementor-widget-image{text-align:center}.elementor-widget-image a{display:inline-block}.elementor-widget-image a img[src$=\".svg\"]{width:48px}.elementor-widget-image img{vertical-align:middle;display:inline-block}<\/style>\t\t\t\t\t\t\t\t\t\t\t\t<img loading=\"lazy\" decoding=\"async\" width=\"500\" height=\"406\" src=\"https:\/\/mastercam.fi\/wp-content\/uploads\/2023\/09\/waterwheel.png\" class=\"attachment-large size-large wp-image-7295\" alt=\"\" srcset=\"https:\/\/mastercam.fi\/wp-content\/uploads\/2023\/09\/waterwheel.png 500w, https:\/\/mastercam.fi\/wp-content\/uploads\/2023\/09\/waterwheel-300x244.png 300w\" sizes=\"auto, (max-width: 500px) 100vw, 500px\" \/>\t\t\t\t\t\t\t\t\t\t\t\t\t\t\t<\/div>\n\t\t\t\t<\/div>\n\t\t\t\t\t<\/div>\n\t\t<\/div>\n\t\t\t\t<div class=\"elementor-column elementor-col-50 elementor-top-column elementor-element elementor-element-bb8833c\" data-id=\"bb8833c\" data-element_type=\"column\">\n\t\t\t<div class=\"elementor-widget-wrap elementor-element-populated\">\n\t\t\t\t\t\t\t\t<div class=\"elementor-element elementor-element-ea9d4b1 elementor-widget elementor-widget-spacer\" data-id=\"ea9d4b1\" data-element_type=\"widget\" data-widget_type=\"spacer.default\">\n\t\t\t\t<div class=\"elementor-widget-container\">\n\t\t\t<style>\/*! elementor - v3.13.3 - 28-05-2023 *\/\n.elementor-column .elementor-spacer-inner{height:var(--spacer-size)}.e-con{--container-widget-width:100%}.e-con-inner>.elementor-widget-spacer,.e-con>.elementor-widget-spacer{width:var(--container-widget-width,var(--spacer-size));--align-self:var(--container-widget-align-self,initial);--flex-shrink:0}.e-con-inner>.elementor-widget-spacer>.elementor-widget-container,.e-con-inner>.elementor-widget-spacer>.elementor-widget-container>.elementor-spacer,.e-con>.elementor-widget-spacer>.elementor-widget-container,.e-con>.elementor-widget-spacer>.elementor-widget-container>.elementor-spacer{height:100%}.e-con-inner>.elementor-widget-spacer>.elementor-widget-container>.elementor-spacer>.elementor-spacer-inner,.e-con>.elementor-widget-spacer>.elementor-widget-container>.elementor-spacer>.elementor-spacer-inner{height:var(--container-widget-height,var(--spacer-size))}<\/style>\t\t<div class=\"elementor-spacer\">\n\t\t\t<div class=\"elementor-spacer-inner\"><\/div>\n\t\t<\/div>\n\t\t\t\t<\/div>\n\t\t\t\t<\/div>\n\t\t\t\t<div class=\"elementor-element elementor-element-c8458c1 elementor-widget elementor-widget-heading\" data-id=\"c8458c1\" data-element_type=\"widget\" data-widget_type=\"heading.default\">\n\t\t\t\t<div class=\"elementor-widget-container\">\n\t\t\t<h2 class=\"elementor-heading-title elementor-size-default\">Joustava ja laajentuva<\/h2>\t\t<\/div>\n\t\t\t\t<\/div>\n\t\t\t\t<div class=\"elementor-element elementor-element-98adffd elementor-widget elementor-widget-text-editor\" data-id=\"98adffd\" data-element_type=\"widget\" data-widget_type=\"text-editor.default\">\n\t\t\t\t<div class=\"elementor-widget-container\">\n\t\t\t\t\t\t\t<h4><strong>Mastercam Routerissa on laajat mahdollisuudet ratkaista mik\u00e4 tahansa puun tai komposiitin 2D, 3D tai moniakselinen ty\u00f6st\u00f6.<\/strong><\/h4><p>Kappaleen mukana tallentuvaa ty\u00f6st\u00f6rataa voi kaikilta osin muuttaa k\u00e4tev\u00e4sti j\u00e4lkeenp\u00e4in tarvitsematta aloittaa kaikkea alusta. Voit my\u00f6s rakentaa oman kirjaston hyv\u00e4ksi havaituista ty\u00f6st\u00f6menetelmist\u00e4 ja k\u00e4ytt\u00e4\u00e4 niit\u00e4 hyv\u00e4ksesi uusia malleja luodessa.<\/p><p>Tehokas dynaamisen liikkeen teknologia ei vain pidenn\u00e4 ty\u00f6kalun kestoa ja v\u00e4henn\u00e4 koneen kulumista vaan ehk\u00e4isee my\u00f6s viiveen aiheuttamaa kulumaa. Automaattisilla ty\u00f6st\u00f6radoilla pystyt tuomaan tiedostoja muista suunnitteluohjelmista ja luoda levynty\u00f6st\u00f6ohjelmia nopeasti.<\/p>\t\t\t\t\t\t<\/div>\n\t\t\t\t<\/div>\n\t\t\t\t\t<\/div>\n\t\t<\/div>\n\t\t\t\t\t\t\t<\/div>\n\t\t<\/section>\n\t\t\t\t<section class=\"elementor-section elementor-top-section elementor-element elementor-element-46a9829 elementor-section-boxed elementor-section-height-default elementor-section-height-default\" data-id=\"46a9829\" data-element_type=\"section\" data-settings=\"{&quot;background_background&quot;:&quot;gradient&quot;}\">\n\t\t\t\t\t\t<div class=\"elementor-container elementor-column-gap-default\">\n\t\t\t\t\t<div class=\"elementor-column elementor-col-66 elementor-top-column elementor-element elementor-element-756ebc8\" data-id=\"756ebc8\" data-element_type=\"column\" data-settings=\"{&quot;background_background&quot;:&quot;gradient&quot;}\">\n\t\t\t<div class=\"elementor-widget-wrap elementor-element-populated\">\n\t\t\t\t\t\t\t\t<div class=\"elementor-element elementor-element-05c2e9c elementor-widget elementor-widget-heading\" data-id=\"05c2e9c\" data-element_type=\"widget\" data-widget_type=\"heading.default\">\n\t\t\t\t<div class=\"elementor-widget-container\">\n\t\t\t<h2 class=\"elementor-heading-title elementor-size-default\">Tehokkaiden ty\u00f6kalujen kattava\npaketti.<\/h2>\t\t<\/div>\n\t\t\t\t<\/div>\n\t\t\t\t<div class=\"elementor-element elementor-element-9cd2730 elementor-widget elementor-widget-text-editor\" data-id=\"9cd2730\" data-element_type=\"widget\" data-widget_type=\"text-editor.default\">\n\t\t\t\t<div class=\"elementor-widget-container\">\n\t\t\t\t\t\t\t<p>2D-ty\u00f6st\u00f6radat voivat vaihdella yksinkertaisista radoista hyvin monimutkaisiin. Mastercam Routerissa on vahvat 2D ty\u00f6kalut kattaen profiilin, taskun, porauksen aina automatisoituun, piirrepohjaiseen solidiohjelmointiin.<\/p><p>3D-ty\u00f6st\u00f6ss\u00e4 Mastercam Routerissa on tehokkaan linjakas 3D-rouhinta ja viimeistely, my\u00f6s automaattinen j\u00e4\u00e4nn\u00f6smateriaalin poisto.<\/p><p>Mastercamin moniakselik\u00e4ytt\u00f6liittym\u00e4n avulla voidaan hallita kolmea moniakselity\u00f6st\u00f6n<br \/>keskeist\u00e4 elementti\u00e4: ty\u00f6st\u00f6menetelmi\u00e4, ty\u00f6kaluakselin kallistuksia ja t\u00f6rm\u00e4yksien tarkastusta.<\/p>\t\t\t\t\t\t<\/div>\n\t\t\t\t<\/div>\n\t\t\t\t\t<\/div>\n\t\t<\/div>\n\t\t\t\t<div class=\"elementor-column elementor-col-33 elementor-top-column elementor-element elementor-element-c7a9f3a\" data-id=\"c7a9f3a\" data-element_type=\"column\" data-settings=\"{&quot;background_background&quot;:&quot;gradient&quot;}\">\n\t\t\t<div class=\"elementor-widget-wrap elementor-element-populated\">\n\t\t\t\t\t\t\t\t<div class=\"elementor-element elementor-element-4ccf171 elementor-widget elementor-widget-spacer\" data-id=\"4ccf171\" data-element_type=\"widget\" data-widget_type=\"spacer.default\">\n\t\t\t\t<div class=\"elementor-widget-container\">\n\t\t\t\t\t<div class=\"elementor-spacer\">\n\t\t\t<div class=\"elementor-spacer-inner\"><\/div>\n\t\t<\/div>\n\t\t\t\t<\/div>\n\t\t\t\t<\/div>\n\t\t\t\t<div class=\"elementor-element elementor-element-fa2770b elementor-widget elementor-widget-image\" data-id=\"fa2770b\" data-element_type=\"widget\" data-widget_type=\"image.default\">\n\t\t\t\t<div class=\"elementor-widget-container\">\n\t\t\t\t\t\t\t\t\t\t\t\t\t\t\t<img loading=\"lazy\" decoding=\"async\" width=\"930\" height=\"573\" src=\"https:\/\/mastercam.fi\/wp-content\/uploads\/2023\/09\/aggregate-head-1024x631.jpg\" class=\"attachment-large size-large wp-image-7190\" alt=\"\" srcset=\"https:\/\/mastercam.fi\/wp-content\/uploads\/2023\/09\/aggregate-head-1024x631.jpg 1024w, https:\/\/mastercam.fi\/wp-content\/uploads\/2023\/09\/aggregate-head-300x185.jpg 300w, https:\/\/mastercam.fi\/wp-content\/uploads\/2023\/09\/aggregate-head-768x473.jpg 768w, https:\/\/mastercam.fi\/wp-content\/uploads\/2023\/09\/aggregate-head-1000x616.jpg 1000w, https:\/\/mastercam.fi\/wp-content\/uploads\/2023\/09\/aggregate-head-909x560.jpg 909w, https:\/\/mastercam.fi\/wp-content\/uploads\/2023\/09\/aggregate-head-600x370.jpg 600w, https:\/\/mastercam.fi\/wp-content\/uploads\/2023\/09\/aggregate-head.jpg 1172w\" sizes=\"auto, (max-width: 930px) 100vw, 930px\" \/>\t\t\t\t\t\t\t\t\t\t\t\t\t\t\t<\/div>\n\t\t\t\t<\/div>\n\t\t\t\t\t<\/div>\n\t\t<\/div>\n\t\t\t\t\t\t\t<\/div>\n\t\t<\/section>\n\t\t\t\t\t\t\t<\/div>\n\t\t","protected":false},"excerpt":{"rendered":"<p>Router Mastercam Router tarjoaa puunty\u00f6st\u00f6lle tehokaita ty\u00f6kaluja ja selke\u00e4n k\u00e4ytt\u00f6liittym\u00e4n. Tuotevertailu Joustava ja laajentuva Mastercam Routerissa on laajat mahdollisuudet ratkaista mik\u00e4 tahansa puun tai komposiitin 2D, 3D tai moniakselinen ty\u00f6st\u00f6. Kappaleen mukana tallentuvaa ty\u00f6st\u00f6rataa voi kaikilta osin muuttaa k\u00e4tev\u00e4sti j\u00e4lkeenp\u00e4in tarvitsematta aloittaa kaikkea alusta. Voit my\u00f6s rakentaa oman kirjaston hyv\u00e4ksi havaituista ty\u00f6st\u00f6menetelmist\u00e4 ja k\u00e4ytt\u00e4\u00e4 niit\u00e4 hyv\u00e4ksesi uusia malleja luodessa. Tehokas dynaamisen liikkeen teknologia ei vain pidenn\u00e4 ty\u00f6kalun kestoa ja v\u00e4henn\u00e4 koneen kulumista vaan ehk\u00e4isee my\u00f6s [&hellip;]<\/p>\n","protected":false},"author":1,"featured_media":6698,"parent":0,"menu_order":0,"comment_status":"closed","ping_status":"closed","template":"elementor_header_footer","meta":{"footnotes":""},"class_list":["post-6802","page","type-page","status-publish","has-post-thumbnail","hentry"],"_links":{"self":[{"href":"https:\/\/mastercam.fi\/index.php\/wp-json\/wp\/v2\/pages\/6802","targetHints":{"allow":["GET"]}}],"collection":[{"href":"https:\/\/mastercam.fi\/index.php\/wp-json\/wp\/v2\/pages"}],"about":[{"href":"https:\/\/mastercam.fi\/index.php\/wp-json\/wp\/v2\/types\/page"}],"author":[{"embeddable":true,"href":"https:\/\/mastercam.fi\/index.php\/wp-json\/wp\/v2\/users\/1"}],"replies":[{"embeddable":true,"href":"https:\/\/mastercam.fi\/index.php\/wp-json\/wp\/v2\/comments?post=6802"}],"version-history":[{"count":31,"href":"https:\/\/mastercam.fi\/index.php\/wp-json\/wp\/v2\/pages\/6802\/revisions"}],"predecessor-version":[{"id":7780,"href":"https:\/\/mastercam.fi\/index.php\/wp-json\/wp\/v2\/pages\/6802\/revisions\/7780"}],"wp:featuredmedia":[{"embeddable":true,"href":"https:\/\/mastercam.fi\/index.php\/wp-json\/wp\/v2\/media\/6698"}],"wp:attachment":[{"href":"https:\/\/mastercam.fi\/index.php\/wp-json\/wp\/v2\/media?parent=6802"}],"curies":[{"name":"wp","href":"https:\/\/api.w.org\/{rel}","templated":true}]}}