{"id":6774,"date":"2023-08-30T06:30:23","date_gmt":"2023-08-30T06:30:23","guid":{"rendered":"https:\/\/toinen.mastercam.fi\/?page_id=6774"},"modified":"2023-09-05T14:02:25","modified_gmt":"2023-09-05T11:02:25","slug":"swiss","status":"publish","type":"page","link":"https:\/\/mastercam.fi\/index.php\/swiss\/","title":{"rendered":"Swiss"},"content":{"rendered":"\t\t<div data-elementor-type=\"wp-page\" data-elementor-id=\"6774\" class=\"elementor elementor-6774\">\n\t\t\t\t\t\t\t\t\t<section class=\"elementor-section elementor-top-section elementor-element elementor-element-ee78c76 elementor-section-boxed elementor-section-height-default elementor-section-height-default\" data-id=\"ee78c76\" data-element_type=\"section\">\n\t\t\t\t\t\t<div class=\"elementor-container elementor-column-gap-default\">\n\t\t\t\t\t<div class=\"elementor-column elementor-col-100 elementor-top-column elementor-element elementor-element-588054f\" data-id=\"588054f\" data-element_type=\"column\">\n\t\t\t<div class=\"elementor-widget-wrap\">\n\t\t\t\t\t\t\t\t\t<\/div>\n\t\t<\/div>\n\t\t\t\t\t\t\t<\/div>\n\t\t<\/section>\n\t\t\t\t<section class=\"elementor-section elementor-top-section elementor-element elementor-element-f8b8003 elementor-section-stretched elementor-section-boxed elementor-section-height-default elementor-section-height-default\" data-id=\"f8b8003\" data-element_type=\"section\" data-settings=\"{&quot;stretch_section&quot;:&quot;section-stretched&quot;,&quot;background_background&quot;:&quot;classic&quot;}\">\n\t\t\t\t\t\t<div class=\"elementor-container elementor-column-gap-default\">\n\t\t\t\t\t<div class=\"elementor-column elementor-col-100 elementor-top-column elementor-element elementor-element-dd6040c\" data-id=\"dd6040c\" data-element_type=\"column\">\n\t\t\t<div class=\"elementor-widget-wrap elementor-element-populated\">\n\t\t\t\t\t\t\t\t<div class=\"elementor-element elementor-element-0614bd7 elementor-widget elementor-widget-heading\" data-id=\"0614bd7\" data-element_type=\"widget\" data-widget_type=\"heading.default\">\n\t\t\t\t<div class=\"elementor-widget-container\">\n\t\t\t<style>\/*! elementor - v3.13.3 - 28-05-2023 *\/\n.elementor-heading-title{padding:0;margin:0;line-height:1}.elementor-widget-heading .elementor-heading-title[class*=elementor-size-]>a{color:inherit;font-size:inherit;line-height:inherit}.elementor-widget-heading .elementor-heading-title.elementor-size-small{font-size:15px}.elementor-widget-heading .elementor-heading-title.elementor-size-medium{font-size:19px}.elementor-widget-heading .elementor-heading-title.elementor-size-large{font-size:29px}.elementor-widget-heading .elementor-heading-title.elementor-size-xl{font-size:39px}.elementor-widget-heading .elementor-heading-title.elementor-size-xxl{font-size:59px}<\/style><h1 class=\"elementor-heading-title elementor-size-default\">Swiss<br><\/h1>\t\t<\/div>\n\t\t\t\t<\/div>\n\t\t\t\t<div class=\"elementor-element elementor-element-f5f0cdf elementor-widget elementor-widget-text-editor\" data-id=\"f5f0cdf\" data-element_type=\"widget\" data-widget_type=\"text-editor.default\">\n\t\t\t\t<div class=\"elementor-widget-container\">\n\t\t\t<style>\/*! elementor - v3.13.3 - 28-05-2023 *\/\n.elementor-widget-text-editor.elementor-drop-cap-view-stacked .elementor-drop-cap{background-color:#69727d;color:#fff}.elementor-widget-text-editor.elementor-drop-cap-view-framed .elementor-drop-cap{color:#69727d;border:3px solid;background-color:transparent}.elementor-widget-text-editor:not(.elementor-drop-cap-view-default) .elementor-drop-cap{margin-top:8px}.elementor-widget-text-editor:not(.elementor-drop-cap-view-default) .elementor-drop-cap-letter{width:1em;height:1em}.elementor-widget-text-editor .elementor-drop-cap{float:left;text-align:center;line-height:1;font-size:50px}.elementor-widget-text-editor .elementor-drop-cap-letter{display:inline-block}<\/style>\t\t\t\t<p>Jos harkitset pitk\u00e4sorvausatuomaatin hankkimista, hy\u00f6dynn\u00e4 my\u00f6s Mastercamin tuki ja palvelu.<\/p>\n<p><\/p>\t\t\t\t\t\t<\/div>\n\t\t\t\t<\/div>\n\t\t\t\t\t<\/div>\n\t\t<\/div>\n\t\t\t\t\t\t\t<\/div>\n\t\t<\/section>\n\t\t\t\t<section class=\"elementor-section elementor-top-section elementor-element elementor-element-3a4ac20 elementor-section-boxed elementor-section-height-default elementor-section-height-default\" data-id=\"3a4ac20\" data-element_type=\"section\">\n\t\t\t\t\t\t<div class=\"elementor-container elementor-column-gap-default\">\n\t\t\t\t\t<div class=\"elementor-column elementor-col-50 elementor-top-column elementor-element elementor-element-7e66499\" data-id=\"7e66499\" data-element_type=\"column\">\n\t\t\t<div class=\"elementor-widget-wrap elementor-element-populated\">\n\t\t\t\t\t\t\t\t<div class=\"elementor-element elementor-element-7f334c9 elementor-widget elementor-widget-image\" data-id=\"7f334c9\" data-element_type=\"widget\" data-widget_type=\"image.default\">\n\t\t\t\t<div class=\"elementor-widget-container\">\n\t\t\t<style>\/*! elementor - v3.13.3 - 28-05-2023 *\/\n.elementor-widget-image{text-align:center}.elementor-widget-image a{display:inline-block}.elementor-widget-image a img[src$=\".svg\"]{width:48px}.elementor-widget-image img{vertical-align:middle;display:inline-block}<\/style>\t\t\t\t\t\t\t\t\t\t\t\t<img loading=\"lazy\" decoding=\"async\" width=\"930\" height=\"611\" src=\"https:\/\/mastercam.fi\/wp-content\/uploads\/2023\/09\/Swiss-1024x673-1.png\" class=\"attachment-large size-large wp-image-7052\" alt=\"\" srcset=\"https:\/\/mastercam.fi\/wp-content\/uploads\/2023\/09\/Swiss-1024x673-1.png 1024w, https:\/\/mastercam.fi\/wp-content\/uploads\/2023\/09\/Swiss-1024x673-1-300x197.png 300w, https:\/\/mastercam.fi\/wp-content\/uploads\/2023\/09\/Swiss-1024x673-1-768x505.png 768w, https:\/\/mastercam.fi\/wp-content\/uploads\/2023\/09\/Swiss-1024x673-1-1000x657.png 1000w, https:\/\/mastercam.fi\/wp-content\/uploads\/2023\/09\/Swiss-1024x673-1-852x560.png 852w, https:\/\/mastercam.fi\/wp-content\/uploads\/2023\/09\/Swiss-1024x673-1-600x394.png 600w\" sizes=\"auto, (max-width: 930px) 100vw, 930px\" \/>\t\t\t\t\t\t\t\t\t\t\t\t\t\t\t<\/div>\n\t\t\t\t<\/div>\n\t\t\t\t\t<\/div>\n\t\t<\/div>\n\t\t\t\t<div class=\"elementor-column elementor-col-50 elementor-top-column elementor-element elementor-element-700ac9d\" data-id=\"700ac9d\" data-element_type=\"column\">\n\t\t\t<div class=\"elementor-widget-wrap elementor-element-populated\">\n\t\t\t\t\t\t\t\t<div class=\"elementor-element elementor-element-bd09f94 elementor-widget elementor-widget-heading\" data-id=\"bd09f94\" data-element_type=\"widget\" data-widget_type=\"heading.default\">\n\t\t\t\t<div class=\"elementor-widget-container\">\n\t\t\t<h2 class=\"elementor-heading-title elementor-size-default\">R\u00e4\u00e4t\u00e4l\u00f6ity kokonaisratkaisu<\/h2>\t\t<\/div>\n\t\t\t\t<\/div>\n\t\t\t\t<div class=\"elementor-element elementor-element-2691e11 elementor-widget__width-initial elementor-widget elementor-widget-text-editor\" data-id=\"2691e11\" data-element_type=\"widget\" data-widget_type=\"text-editor.default\">\n\t\t\t\t<div class=\"elementor-widget-container\">\n\t\t\t\t\t\t\t<div class=\"flex flex-grow flex-col gap-3 max-w-full\"><div class=\"min-h-[20px] flex flex-col items-start gap-3 overflow-x-auto whitespace-pre-wrap break-words\"><h3>Standardisoi ohjelmointisi Mastercamin avulla.<\/h3><div class=\"markdown prose w-full break-words dark:prose-invert dark\">Et en\u00e4\u00e4 tarvitse erillist\u00e4 ohjelmaa pitk\u00e4sorvausautomaattien<br \/>ohjelmointiin \u2014 t\u00e4t\u00e4 koneistajat arvostavat. Meid\u00e4n ratkaisumme on k\u00e4ytt\u00e4\u00e4 erityist\u00e4 konekohtaisesti kehitetty\u00e4 postprosessoria yhdess\u00e4 tuttujen jyrsint\u00e4 ja sorvausominaisuuksien kanssa. T\u00e4m\u00e4 ratkaisu tekee ohjelmoinnista helppoa, mutta mahdollistaa konekohtaisten erityisominaisuuksien hy\u00f6dynt\u00e4misen ohjelmoinnissa.<\/div><\/div><\/div>\t\t\t\t\t\t<\/div>\n\t\t\t\t<\/div>\n\t\t\t\t\t<\/div>\n\t\t<\/div>\n\t\t\t\t\t\t\t<\/div>\n\t\t<\/section>\n\t\t\t\t<section class=\"elementor-section elementor-top-section elementor-element elementor-element-71a6257 elementor-section-boxed elementor-section-height-default elementor-section-height-default\" data-id=\"71a6257\" data-element_type=\"section\">\n\t\t\t\t\t\t<div class=\"elementor-container elementor-column-gap-default\">\n\t\t\t\t\t<div class=\"elementor-column elementor-col-50 elementor-top-column elementor-element elementor-element-5feb8eb\" data-id=\"5feb8eb\" data-element_type=\"column\">\n\t\t\t<div class=\"elementor-widget-wrap elementor-element-populated\">\n\t\t\t\t\t\t\t\t<div class=\"elementor-element elementor-element-a3cbd59 elementor-widget elementor-widget-spacer\" data-id=\"a3cbd59\" data-element_type=\"widget\" data-widget_type=\"spacer.default\">\n\t\t\t\t<div class=\"elementor-widget-container\">\n\t\t\t<style>\/*! elementor - v3.13.3 - 28-05-2023 *\/\n.elementor-column .elementor-spacer-inner{height:var(--spacer-size)}.e-con{--container-widget-width:100%}.e-con-inner>.elementor-widget-spacer,.e-con>.elementor-widget-spacer{width:var(--container-widget-width,var(--spacer-size));--align-self:var(--container-widget-align-self,initial);--flex-shrink:0}.e-con-inner>.elementor-widget-spacer>.elementor-widget-container,.e-con-inner>.elementor-widget-spacer>.elementor-widget-container>.elementor-spacer,.e-con>.elementor-widget-spacer>.elementor-widget-container,.e-con>.elementor-widget-spacer>.elementor-widget-container>.elementor-spacer{height:100%}.e-con-inner>.elementor-widget-spacer>.elementor-widget-container>.elementor-spacer>.elementor-spacer-inner,.e-con>.elementor-widget-spacer>.elementor-widget-container>.elementor-spacer>.elementor-spacer-inner{height:var(--container-widget-height,var(--spacer-size))}<\/style>\t\t<div class=\"elementor-spacer\">\n\t\t\t<div class=\"elementor-spacer-inner\"><\/div>\n\t\t<\/div>\n\t\t\t\t<\/div>\n\t\t\t\t<\/div>\n\t\t\t\t<div class=\"elementor-element elementor-element-0ffed65 elementor-widget__width-initial elementor-widget elementor-widget-text-editor\" data-id=\"0ffed65\" data-element_type=\"widget\" data-widget_type=\"text-editor.default\">\n\t\t\t\t<div class=\"elementor-widget-container\">\n\t\t\t\t\t\t\t<p>T\u00e4m\u00e4 menetelm\u00e4 mahdollistaa seuraavien<br \/>ominaisuuksien hy\u00f6dynt\u00e4misen:<br \/>\u2022 Tankoaihion sy\u00f6tt\u00f6 ja veto.<br \/>\u2022 Konekohtaiset ty\u00f6st\u00f6parametrit.<br \/>\u2022 Erityiset kappaleen haku- ja irtileikkaustoiminnot.<br \/>\u2022 R\u00e4\u00e4t\u00e4l\u00f6it\u00e4v\u00e4t erityisoptiot kuten laserit, erikoisj\u00e4\u00e4hdytykset,<br \/>korkeataajuussorvaus ja paljon muuta.<\/p>\t\t\t\t\t\t<\/div>\n\t\t\t\t<\/div>\n\t\t\t\t\t<\/div>\n\t\t<\/div>\n\t\t\t\t<div class=\"elementor-column elementor-col-50 elementor-top-column elementor-element elementor-element-f3c070a\" data-id=\"f3c070a\" data-element_type=\"column\">\n\t\t\t<div class=\"elementor-widget-wrap elementor-element-populated\">\n\t\t\t\t\t\t\t\t<div class=\"elementor-element elementor-element-2fc98f5 elementor-widget elementor-widget-image\" data-id=\"2fc98f5\" data-element_type=\"widget\" data-widget_type=\"image.default\">\n\t\t\t\t<div class=\"elementor-widget-container\">\n\t\t\t\t\t\t\t\t\t\t\t\t\t\t\t<img loading=\"lazy\" decoding=\"async\" width=\"930\" height=\"620\" src=\"https:\/\/mastercam.fi\/wp-content\/uploads\/2023\/09\/untitled-24-1024x683.jpg\" class=\"attachment-large size-large wp-image-7054\" alt=\"\" srcset=\"https:\/\/mastercam.fi\/wp-content\/uploads\/2023\/09\/untitled-24-1024x683.jpg 1024w, https:\/\/mastercam.fi\/wp-content\/uploads\/2023\/09\/untitled-24-300x200.jpg 300w, https:\/\/mastercam.fi\/wp-content\/uploads\/2023\/09\/untitled-24-768x513.jpg 768w, https:\/\/mastercam.fi\/wp-content\/uploads\/2023\/09\/untitled-24-1536x1025.jpg 1536w, https:\/\/mastercam.fi\/wp-content\/uploads\/2023\/09\/untitled-24-2048x1367.jpg 2048w, https:\/\/mastercam.fi\/wp-content\/uploads\/2023\/09\/untitled-24-2000x1335.jpg 2000w, https:\/\/mastercam.fi\/wp-content\/uploads\/2023\/09\/untitled-24-1000x667.jpg 1000w, https:\/\/mastercam.fi\/wp-content\/uploads\/2023\/09\/untitled-24-1800x1201.jpg 1800w, https:\/\/mastercam.fi\/wp-content\/uploads\/2023\/09\/untitled-24-839x560.jpg 839w, https:\/\/mastercam.fi\/wp-content\/uploads\/2023\/09\/untitled-24-600x400.jpg 600w\" sizes=\"auto, (max-width: 930px) 100vw, 930px\" \/>\t\t\t\t\t\t\t\t\t\t\t\t\t\t\t<\/div>\n\t\t\t\t<\/div>\n\t\t\t\t\t<\/div>\n\t\t<\/div>\n\t\t\t\t\t\t\t<\/div>\n\t\t<\/section>\n\t\t\t\t<section class=\"elementor-section elementor-top-section elementor-element elementor-element-c640bfb elementor-section-boxed elementor-section-height-default elementor-section-height-default\" data-id=\"c640bfb\" data-element_type=\"section\">\n\t\t\t\t\t\t<div class=\"elementor-container elementor-column-gap-default\">\n\t\t\t\t\t<div class=\"elementor-column elementor-col-50 elementor-top-column elementor-element elementor-element-f3f662f\" data-id=\"f3f662f\" data-element_type=\"column\">\n\t\t\t<div class=\"elementor-widget-wrap elementor-element-populated\">\n\t\t\t\t\t\t\t\t<div class=\"elementor-element elementor-element-b43d325 elementor-widget elementor-widget-image\" data-id=\"b43d325\" data-element_type=\"widget\" data-widget_type=\"image.default\">\n\t\t\t\t<div class=\"elementor-widget-container\">\n\t\t\t\t\t\t\t\t\t\t\t\t\t\t\t<img loading=\"lazy\" decoding=\"async\" width=\"930\" height=\"930\" src=\"https:\/\/mastercam.fi\/wp-content\/uploads\/2023\/09\/SWISS2022.png\" class=\"attachment-large size-large wp-image-7055\" alt=\"\" srcset=\"https:\/\/mastercam.fi\/wp-content\/uploads\/2023\/09\/SWISS2022.png 1000w, https:\/\/mastercam.fi\/wp-content\/uploads\/2023\/09\/SWISS2022-300x300.png 300w, https:\/\/mastercam.fi\/wp-content\/uploads\/2023\/09\/SWISS2022-150x150.png 150w, https:\/\/mastercam.fi\/wp-content\/uploads\/2023\/09\/SWISS2022-768x768.png 768w, https:\/\/mastercam.fi\/wp-content\/uploads\/2023\/09\/SWISS2022-280x280.png 280w, https:\/\/mastercam.fi\/wp-content\/uploads\/2023\/09\/SWISS2022-560x560.png 560w, https:\/\/mastercam.fi\/wp-content\/uploads\/2023\/09\/SWISS2022-600x600.png 600w, https:\/\/mastercam.fi\/wp-content\/uploads\/2023\/09\/SWISS2022-800x800.png 800w\" sizes=\"auto, (max-width: 930px) 100vw, 930px\" \/>\t\t\t\t\t\t\t\t\t\t\t\t\t\t\t<\/div>\n\t\t\t\t<\/div>\n\t\t\t\t\t<\/div>\n\t\t<\/div>\n\t\t\t\t<div class=\"elementor-column elementor-col-50 elementor-top-column elementor-element elementor-element-c8ac476\" data-id=\"c8ac476\" data-element_type=\"column\">\n\t\t\t<div class=\"elementor-widget-wrap elementor-element-populated\">\n\t\t\t\t\t\t\t\t<div class=\"elementor-element elementor-element-afbb1bd elementor-widget elementor-widget-spacer\" data-id=\"afbb1bd\" data-element_type=\"widget\" data-widget_type=\"spacer.default\">\n\t\t\t\t<div class=\"elementor-widget-container\">\n\t\t\t\t\t<div class=\"elementor-spacer\">\n\t\t\t<div class=\"elementor-spacer-inner\"><\/div>\n\t\t<\/div>\n\t\t\t\t<\/div>\n\t\t\t\t<\/div>\n\t\t\t\t<div class=\"elementor-element elementor-element-98adffd elementor-widget elementor-widget-text-editor\" data-id=\"98adffd\" data-element_type=\"widget\" data-widget_type=\"text-editor.default\">\n\t\t\t\t<div class=\"elementor-widget-container\">\n\t\t\t\t\t\t\t<p>Ohjelmoi lukuisia pitk\u00e4sorvausautomaatteja<br \/>tutuilla Mastercamin<br \/>radoilla.<br \/>J\u00e4rjestelm\u00e4 tukee monenlaisia konetyyppej\u00e4, my\u00f6s<br \/>indeksoivalla ja jatkuvalla B-akselilla. Seuraavien<br \/>konevalmistajien valitut konetyypit ovat tuettuja:<br \/>Mastercamin sis\u00e4lt\u00e4m\u00e4t erityiset konekohtaiset parametrit<br \/>varmistavat oikean lopputuloksen.<br \/>\u2022 Star<br \/>\u2022 Tsugami<br \/>\u2022 Citizen<br \/>\u2022 Swistek<br \/>\u2022 DMG MORI<br \/>\u2022 Hanwha<br \/>\u2022 Ganesh<br \/>\u2022 Nexturn<\/p><p>Mastercamin sis\u00e4lt\u00e4m\u00e4t erityiset konekohtaiset parametrit<br \/>varmistavat oikean lopputuloksen.<\/p>\t\t\t\t\t\t<\/div>\n\t\t\t\t<\/div>\n\t\t\t\t\t<\/div>\n\t\t<\/div>\n\t\t\t\t\t\t\t<\/div>\n\t\t<\/section>\n\t\t\t\t<section class=\"elementor-section elementor-top-section elementor-element elementor-element-19eb026 elementor-section-boxed elementor-section-height-default elementor-section-height-default\" data-id=\"19eb026\" data-element_type=\"section\">\n\t\t\t\t\t\t<div class=\"elementor-container elementor-column-gap-default\">\n\t\t\t\t\t<div class=\"elementor-column elementor-col-50 elementor-top-column elementor-element elementor-element-1b46706\" data-id=\"1b46706\" data-element_type=\"column\">\n\t\t\t<div class=\"elementor-widget-wrap elementor-element-populated\">\n\t\t\t\t\t\t\t\t<div class=\"elementor-element elementor-element-4e2bb6a elementor-widget elementor-widget-spacer\" data-id=\"4e2bb6a\" data-element_type=\"widget\" data-widget_type=\"spacer.default\">\n\t\t\t\t<div class=\"elementor-widget-container\">\n\t\t\t\t\t<div class=\"elementor-spacer\">\n\t\t\t<div class=\"elementor-spacer-inner\"><\/div>\n\t\t<\/div>\n\t\t\t\t<\/div>\n\t\t\t\t<\/div>\n\t\t\t\t<div class=\"elementor-element elementor-element-6881087 elementor-widget elementor-widget-text-editor\" data-id=\"6881087\" data-element_type=\"widget\" data-widget_type=\"text-editor.default\">\n\t\t\t\t<div class=\"elementor-widget-container\">\n\t\t\t\t\t\t\t<p>Swissill\u00e4 ohjelmointi tarjoaa helppoa ratatyypej\u00e4 karkeaan sorvaukseen, uritukseen, kierteitykseen, ositukseen, poraukseen ja jyrsint\u00e4\u00e4n. Voit my\u00f6s hy\u00f6dynt\u00e4\u00e4 jyrsint\u00e4ratoja Mastercamin vakiintuneilla ty\u00f6st\u00f6radoilla, kuten profiili, poraus, dynaaminen jyrsint\u00e4, OptiRouhinta, tasku ja projisoi, mik\u00e4 lyhent\u00e4\u00e4 k\u00e4yt\u00f6nottoaikaa ja lis\u00e4\u00e4 tuottavuutta. Mastercam Lathe tarjoaa my\u00f6s joukon C-akselin ohjelmointity\u00f6kaluja, joilla on laajennettuja vaihtoehtoja, kun niit\u00e4 yhdistet\u00e4\u00e4n Mastercam Millin kanssa, kuten otsapinnan sek\u00e4 lieri\u00f6pinnan profiiliradat ja poraukset.<\/p>\t\t\t\t\t\t<\/div>\n\t\t\t\t<\/div>\n\t\t\t\t\t<\/div>\n\t\t<\/div>\n\t\t\t\t<div class=\"elementor-column elementor-col-50 elementor-top-column elementor-element elementor-element-b0f2f52\" data-id=\"b0f2f52\" data-element_type=\"column\">\n\t\t\t<div class=\"elementor-widget-wrap elementor-element-populated\">\n\t\t\t\t\t\t\t\t<div class=\"elementor-element elementor-element-b422e51 elementor-widget elementor-widget-image\" data-id=\"b422e51\" data-element_type=\"widget\" data-widget_type=\"image.default\">\n\t\t\t\t<div class=\"elementor-widget-container\">\n\t\t\t\t\t\t\t\t\t\t\t\t\t\t\t<img loading=\"lazy\" decoding=\"async\" width=\"930\" height=\"627\" src=\"https:\/\/mastercam.fi\/wp-content\/uploads\/2023\/09\/DSC_3567-copy-1024x690.jpg\" class=\"attachment-large size-large wp-image-7065\" alt=\"\" srcset=\"https:\/\/mastercam.fi\/wp-content\/uploads\/2023\/09\/DSC_3567-copy-1024x690.jpg 1024w, https:\/\/mastercam.fi\/wp-content\/uploads\/2023\/09\/DSC_3567-copy-300x202.jpg 300w, https:\/\/mastercam.fi\/wp-content\/uploads\/2023\/09\/DSC_3567-copy-768x518.jpg 768w, https:\/\/mastercam.fi\/wp-content\/uploads\/2023\/09\/DSC_3567-copy-1536x1035.jpg 1536w, https:\/\/mastercam.fi\/wp-content\/uploads\/2023\/09\/DSC_3567-copy-2048x1380.jpg 2048w, https:\/\/mastercam.fi\/wp-content\/uploads\/2023\/09\/DSC_3567-copy-2000x1348.jpg 2000w, https:\/\/mastercam.fi\/wp-content\/uploads\/2023\/09\/DSC_3567-copy-1000x674.jpg 1000w, https:\/\/mastercam.fi\/wp-content\/uploads\/2023\/09\/DSC_3567-copy-1800x1213.jpg 1800w, https:\/\/mastercam.fi\/wp-content\/uploads\/2023\/09\/DSC_3567-copy-831x560.jpg 831w, https:\/\/mastercam.fi\/wp-content\/uploads\/2023\/09\/DSC_3567-copy-600x404.jpg 600w\" sizes=\"auto, (max-width: 930px) 100vw, 930px\" \/>\t\t\t\t\t\t\t\t\t\t\t\t\t\t\t<\/div>\n\t\t\t\t<\/div>\n\t\t\t\t\t<\/div>\n\t\t<\/div>\n\t\t\t\t\t\t\t<\/div>\n\t\t<\/section>\n\t\t\t\t<section class=\"elementor-section elementor-top-section elementor-element elementor-element-3f38e83 elementor-section-boxed elementor-section-height-default elementor-section-height-default\" data-id=\"3f38e83\" data-element_type=\"section\">\n\t\t\t\t\t\t<div class=\"elementor-container elementor-column-gap-default\">\n\t\t\t\t\t<div class=\"elementor-column elementor-col-33 elementor-top-column elementor-element elementor-element-8727f37\" data-id=\"8727f37\" data-element_type=\"column\">\n\t\t\t<div class=\"elementor-widget-wrap elementor-element-populated\">\n\t\t\t\t\t\t\t\t<div class=\"elementor-element elementor-element-ea9d4b1 elementor-widget elementor-widget-spacer\" data-id=\"ea9d4b1\" data-element_type=\"widget\" data-widget_type=\"spacer.default\">\n\t\t\t\t<div class=\"elementor-widget-container\">\n\t\t\t\t\t<div class=\"elementor-spacer\">\n\t\t\t<div class=\"elementor-spacer-inner\"><\/div>\n\t\t<\/div>\n\t\t\t\t<\/div>\n\t\t\t\t<\/div>\n\t\t\t\t\t<\/div>\n\t\t<\/div>\n\t\t\t\t<div class=\"elementor-column elementor-col-66 elementor-top-column elementor-element elementor-element-dc05425\" data-id=\"dc05425\" data-element_type=\"column\">\n\t\t\t<div class=\"elementor-widget-wrap\">\n\t\t\t\t\t\t\t\t\t<\/div>\n\t\t<\/div>\n\t\t\t\t\t\t\t<\/div>\n\t\t<\/section>\n\t\t\t\t\t\t\t<\/div>\n\t\t","protected":false},"excerpt":{"rendered":"<p>Swiss Jos harkitset pitk\u00e4sorvausatuomaatin hankkimista, hy\u00f6dynn\u00e4 my\u00f6s Mastercamin tuki ja palvelu. R\u00e4\u00e4t\u00e4l\u00f6ity kokonaisratkaisu Standardisoi ohjelmointisi Mastercamin avulla. Et en\u00e4\u00e4 tarvitse erillist\u00e4 ohjelmaa pitk\u00e4sorvausautomaattienohjelmointiin \u2014 t\u00e4t\u00e4 koneistajat arvostavat. Meid\u00e4n ratkaisumme on k\u00e4ytt\u00e4\u00e4 erityist\u00e4 konekohtaisesti kehitetty\u00e4 postprosessoria yhdess\u00e4 tuttujen jyrsint\u00e4 ja sorvausominaisuuksien kanssa. T\u00e4m\u00e4 ratkaisu tekee ohjelmoinnista helppoa, mutta mahdollistaa konekohtaisten erityisominaisuuksien hy\u00f6dynt\u00e4misen ohjelmoinnissa. T\u00e4m\u00e4 menetelm\u00e4 mahdollistaa seuraavienominaisuuksien hy\u00f6dynt\u00e4misen:\u2022 Tankoaihion sy\u00f6tt\u00f6 ja veto.\u2022 Konekohtaiset ty\u00f6st\u00f6parametrit.\u2022 Erityiset kappaleen haku- ja irtileikkaustoiminnot.\u2022 R\u00e4\u00e4t\u00e4l\u00f6it\u00e4v\u00e4t erityisoptiot kuten laserit, erikoisj\u00e4\u00e4hdytykset,korkeataajuussorvaus ja paljon [&hellip;]<\/p>\n","protected":false},"author":1,"featured_media":6698,"parent":0,"menu_order":0,"comment_status":"closed","ping_status":"closed","template":"elementor_header_footer","meta":{"footnotes":""},"class_list":["post-6774","page","type-page","status-publish","has-post-thumbnail","hentry"],"_links":{"self":[{"href":"https:\/\/mastercam.fi\/index.php\/wp-json\/wp\/v2\/pages\/6774","targetHints":{"allow":["GET"]}}],"collection":[{"href":"https:\/\/mastercam.fi\/index.php\/wp-json\/wp\/v2\/pages"}],"about":[{"href":"https:\/\/mastercam.fi\/index.php\/wp-json\/wp\/v2\/types\/page"}],"author":[{"embeddable":true,"href":"https:\/\/mastercam.fi\/index.php\/wp-json\/wp\/v2\/users\/1"}],"replies":[{"embeddable":true,"href":"https:\/\/mastercam.fi\/index.php\/wp-json\/wp\/v2\/comments?post=6774"}],"version-history":[{"count":25,"href":"https:\/\/mastercam.fi\/index.php\/wp-json\/wp\/v2\/pages\/6774\/revisions"}],"predecessor-version":[{"id":7083,"href":"https:\/\/mastercam.fi\/index.php\/wp-json\/wp\/v2\/pages\/6774\/revisions\/7083"}],"wp:featuredmedia":[{"embeddable":true,"href":"https:\/\/mastercam.fi\/index.php\/wp-json\/wp\/v2\/media\/6698"}],"wp:attachment":[{"href":"https:\/\/mastercam.fi\/index.php\/wp-json\/wp\/v2\/media?parent=6774"}],"curies":[{"name":"wp","href":"https:\/\/api.w.org\/{rel}","templated":true}]}}