{"id":6750,"date":"2023-08-30T06:30:23","date_gmt":"2023-08-30T06:30:23","guid":{"rendered":"https:\/\/toinen.mastercam.fi\/?page_id=6750"},"modified":"2023-09-14T14:09:32","modified_gmt":"2023-09-14T11:09:32","slug":"millturn","status":"publish","type":"page","link":"https:\/\/mastercam.fi\/index.php\/millturn\/","title":{"rendered":"Mill-Turn"},"content":{"rendered":"\t\t<div data-elementor-type=\"wp-page\" data-elementor-id=\"6750\" class=\"elementor elementor-6750\">\n\t\t\t\t\t\t\t\t\t<section class=\"elementor-section elementor-top-section elementor-element elementor-element-ee78c76 elementor-section-boxed elementor-section-height-default elementor-section-height-default\" data-id=\"ee78c76\" data-element_type=\"section\">\n\t\t\t\t\t\t<div class=\"elementor-container elementor-column-gap-default\">\n\t\t\t\t\t<div class=\"elementor-column elementor-col-100 elementor-top-column elementor-element elementor-element-588054f\" data-id=\"588054f\" data-element_type=\"column\">\n\t\t\t<div class=\"elementor-widget-wrap\">\n\t\t\t\t\t\t\t\t\t<\/div>\n\t\t<\/div>\n\t\t\t\t\t\t\t<\/div>\n\t\t<\/section>\n\t\t\t\t<section class=\"elementor-section elementor-top-section elementor-element elementor-element-f8b8003 elementor-section-stretched elementor-section-boxed elementor-section-height-default elementor-section-height-default\" data-id=\"f8b8003\" data-element_type=\"section\" data-settings=\"{&quot;stretch_section&quot;:&quot;section-stretched&quot;,&quot;background_background&quot;:&quot;classic&quot;}\">\n\t\t\t\t\t\t<div class=\"elementor-container elementor-column-gap-default\">\n\t\t\t\t\t<div class=\"elementor-column elementor-col-100 elementor-top-column elementor-element elementor-element-dd6040c\" data-id=\"dd6040c\" data-element_type=\"column\">\n\t\t\t<div class=\"elementor-widget-wrap elementor-element-populated\">\n\t\t\t\t\t\t\t\t<div class=\"elementor-element elementor-element-0614bd7 elementor-widget elementor-widget-heading\" data-id=\"0614bd7\" data-element_type=\"widget\" data-widget_type=\"heading.default\">\n\t\t\t\t<div class=\"elementor-widget-container\">\n\t\t\t<style>\/*! elementor - v3.13.3 - 28-05-2023 *\/\n.elementor-heading-title{padding:0;margin:0;line-height:1}.elementor-widget-heading .elementor-heading-title[class*=elementor-size-]>a{color:inherit;font-size:inherit;line-height:inherit}.elementor-widget-heading .elementor-heading-title.elementor-size-small{font-size:15px}.elementor-widget-heading .elementor-heading-title.elementor-size-medium{font-size:19px}.elementor-widget-heading .elementor-heading-title.elementor-size-large{font-size:29px}.elementor-widget-heading .elementor-heading-title.elementor-size-xl{font-size:39px}.elementor-widget-heading .elementor-heading-title.elementor-size-xxl{font-size:59px}<\/style><h1 class=\"elementor-heading-title elementor-size-default\">Mill-Turn<br><\/h1>\t\t<\/div>\n\t\t\t\t<\/div>\n\t\t\t\t<div class=\"elementor-element elementor-element-f5f0cdf elementor-widget elementor-widget-text-editor\" data-id=\"f5f0cdf\" data-element_type=\"widget\" data-widget_type=\"text-editor.default\">\n\t\t\t\t<div class=\"elementor-widget-container\">\n\t\t\t<style>\/*! elementor - v3.13.3 - 28-05-2023 *\/\n.elementor-widget-text-editor.elementor-drop-cap-view-stacked .elementor-drop-cap{background-color:#69727d;color:#fff}.elementor-widget-text-editor.elementor-drop-cap-view-framed .elementor-drop-cap{color:#69727d;border:3px solid;background-color:transparent}.elementor-widget-text-editor:not(.elementor-drop-cap-view-default) .elementor-drop-cap{margin-top:8px}.elementor-widget-text-editor:not(.elementor-drop-cap-view-default) .elementor-drop-cap-letter{width:1em;height:1em}.elementor-widget-text-editor .elementor-drop-cap{float:left;text-align:center;line-height:1;font-size:50px}.elementor-widget-text-editor .elementor-drop-cap-letter{display:inline-block}<\/style>\t\t\t\t<p>Monimutkaistenkin ohjelmien luotettava automatisointi nykyaikaisissa tehokkaissa monitoimikoneissa. Ohjelmoi kerralla valmiiksi, joka kerta.<\/p>\t\t\t\t\t\t<\/div>\n\t\t\t\t<\/div>\n\t\t\t\t\t<\/div>\n\t\t<\/div>\n\t\t\t\t\t\t\t<\/div>\n\t\t<\/section>\n\t\t\t\t<section class=\"elementor-section elementor-top-section elementor-element elementor-element-32bbbf3 elementor-section-boxed elementor-section-height-default elementor-section-height-default\" data-id=\"32bbbf3\" data-element_type=\"section\">\n\t\t\t\t\t\t<div class=\"elementor-container elementor-column-gap-default\">\n\t\t\t\t\t<div class=\"elementor-column elementor-col-50 elementor-top-column elementor-element elementor-element-5ad712d\" data-id=\"5ad712d\" data-element_type=\"column\">\n\t\t\t<div class=\"elementor-widget-wrap elementor-element-populated\">\n\t\t\t\t\t\t\t\t<div class=\"elementor-element elementor-element-ea9d4b1 elementor-widget elementor-widget-spacer\" data-id=\"ea9d4b1\" data-element_type=\"widget\" data-widget_type=\"spacer.default\">\n\t\t\t\t<div class=\"elementor-widget-container\">\n\t\t\t<style>\/*! elementor - v3.13.3 - 28-05-2023 *\/\n.elementor-column .elementor-spacer-inner{height:var(--spacer-size)}.e-con{--container-widget-width:100%}.e-con-inner>.elementor-widget-spacer,.e-con>.elementor-widget-spacer{width:var(--container-widget-width,var(--spacer-size));--align-self:var(--container-widget-align-self,initial);--flex-shrink:0}.e-con-inner>.elementor-widget-spacer>.elementor-widget-container,.e-con-inner>.elementor-widget-spacer>.elementor-widget-container>.elementor-spacer,.e-con>.elementor-widget-spacer>.elementor-widget-container,.e-con>.elementor-widget-spacer>.elementor-widget-container>.elementor-spacer{height:100%}.e-con-inner>.elementor-widget-spacer>.elementor-widget-container>.elementor-spacer>.elementor-spacer-inner,.e-con>.elementor-widget-spacer>.elementor-widget-container>.elementor-spacer>.elementor-spacer-inner{height:var(--container-widget-height,var(--spacer-size))}<\/style>\t\t<div class=\"elementor-spacer\">\n\t\t\t<div class=\"elementor-spacer-inner\"><\/div>\n\t\t<\/div>\n\t\t\t\t<\/div>\n\t\t\t\t<\/div>\n\t\t\t\t<div class=\"elementor-element elementor-element-b43d325 elementor-widget elementor-widget-image\" data-id=\"b43d325\" data-element_type=\"widget\" data-widget_type=\"image.default\">\n\t\t\t\t<div class=\"elementor-widget-container\">\n\t\t\t<style>\/*! elementor - v3.13.3 - 28-05-2023 *\/\n.elementor-widget-image{text-align:center}.elementor-widget-image a{display:inline-block}.elementor-widget-image a img[src$=\".svg\"]{width:48px}.elementor-widget-image img{vertical-align:middle;display:inline-block}<\/style>\t\t\t\t\t\t\t\t\t\t\t\t<img loading=\"lazy\" decoding=\"async\" width=\"500\" height=\"500\" src=\"https:\/\/mastercam.fi\/wp-content\/uploads\/2023\/09\/MILLTurn2022-1.png\" class=\"attachment-large size-large wp-image-7020\" alt=\"\" srcset=\"https:\/\/mastercam.fi\/wp-content\/uploads\/2023\/09\/MILLTurn2022-1.png 500w, https:\/\/mastercam.fi\/wp-content\/uploads\/2023\/09\/MILLTurn2022-1-300x300.png 300w, https:\/\/mastercam.fi\/wp-content\/uploads\/2023\/09\/MILLTurn2022-1-150x150.png 150w, https:\/\/mastercam.fi\/wp-content\/uploads\/2023\/09\/MILLTurn2022-1-280x280.png 280w\" sizes=\"auto, (max-width: 500px) 100vw, 500px\" \/>\t\t\t\t\t\t\t\t\t\t\t\t\t\t\t<\/div>\n\t\t\t\t<\/div>\n\t\t\t\t\t<\/div>\n\t\t<\/div>\n\t\t\t\t<div class=\"elementor-column elementor-col-50 elementor-top-column elementor-element elementor-element-9598e65\" data-id=\"9598e65\" data-element_type=\"column\">\n\t\t\t<div class=\"elementor-widget-wrap elementor-element-populated\">\n\t\t\t\t\t\t\t\t<div class=\"elementor-element elementor-element-32a5940 elementor-widget elementor-widget-spacer\" data-id=\"32a5940\" data-element_type=\"widget\" data-widget_type=\"spacer.default\">\n\t\t\t\t<div class=\"elementor-widget-container\">\n\t\t\t\t\t<div class=\"elementor-spacer\">\n\t\t\t<div class=\"elementor-spacer-inner\"><\/div>\n\t\t<\/div>\n\t\t\t\t<\/div>\n\t\t\t\t<\/div>\n\t\t\t\t<div class=\"elementor-element elementor-element-c8458c1 elementor-widget elementor-widget-heading\" data-id=\"c8458c1\" data-element_type=\"widget\" data-widget_type=\"heading.default\">\n\t\t\t\t<div class=\"elementor-widget-container\">\n\t\t\t<h2 class=\"elementor-heading-title elementor-size-default\">Vaativat ty\u00f6t vaivatta<\/h2>\t\t<\/div>\n\t\t\t\t<\/div>\n\t\t\t\t<div class=\"elementor-element elementor-element-98adffd elementor-widget elementor-widget-text-editor\" data-id=\"98adffd\" data-element_type=\"widget\" data-widget_type=\"text-editor.default\">\n\t\t\t\t<div class=\"elementor-widget-container\">\n\t\t\t\t\t\t\t<div class=\"tour-content-0\"><h4><strong>Mastercam Mill-Turn yksinkertaistaa nykyaikaisten, monikanavaisten monitoimikoneiden ohjelmointia.<\/strong><\/h4><p>Ty\u00f6 etenee helposti: Valitset koneen ja Mastercam Mill-Turn automatisoi kappaleen siirrot, ty\u00f6kalu-suunnat, aihion m\u00e4\u00e4ritelyn sek\u00e4 muut asetukset. Luot ty\u00f6st\u00f6radat ja synkronoit, tarkastat simuloimalla ja postprosessoit.<br \/>Muutokset ovat helppoja \u2014 juuri sellaisia kuin ohjelmoinnissa onkin oltava.<\/p><p>K\u00e4ytt\u00e4j\u00e4yst\u00e4v\u00e4llinen Mastercamin Synkroninnin hallinta optimoi operaatioiden ty\u00f6st\u00f6ajat ja huomaat mahdolliset t\u00f6rm\u00e4ykset ennen kuin viet kappaletta ty\u00f6st\u00f6koneelle. Ganttkaavion aikajanalla ja pystysuuntaisella kanavasarakkeilla lasketaan ty\u00f6st\u00f6ajat ja koordinoidaan operaatiot helposti.<\/p><\/div>\t\t\t\t\t\t<\/div>\n\t\t\t\t<\/div>\n\t\t\t\t\t<\/div>\n\t\t<\/div>\n\t\t\t\t\t\t\t<\/div>\n\t\t<\/section>\n\t\t\t\t<section class=\"elementor-section elementor-top-section elementor-element elementor-element-f89c07a elementor-section-boxed elementor-section-height-default elementor-section-height-default\" data-id=\"f89c07a\" data-element_type=\"section\">\n\t\t\t\t\t\t<div class=\"elementor-container elementor-column-gap-default\">\n\t\t\t\t\t<div class=\"elementor-column elementor-col-50 elementor-top-column elementor-element elementor-element-4158569\" data-id=\"4158569\" data-element_type=\"column\">\n\t\t\t<div class=\"elementor-widget-wrap elementor-element-populated\">\n\t\t\t\t\t\t\t\t<div class=\"elementor-element elementor-element-efe0b34 elementor-widget elementor-widget-spacer\" data-id=\"efe0b34\" data-element_type=\"widget\" data-widget_type=\"spacer.default\">\n\t\t\t\t<div class=\"elementor-widget-container\">\n\t\t\t\t\t<div class=\"elementor-spacer\">\n\t\t\t<div class=\"elementor-spacer-inner\"><\/div>\n\t\t<\/div>\n\t\t\t\t<\/div>\n\t\t\t\t<\/div>\n\t\t\t\t<div class=\"elementor-element elementor-element-ddd8c04 elementor-widget elementor-widget-text-editor\" data-id=\"ddd8c04\" data-element_type=\"widget\" data-widget_type=\"text-editor.default\">\n\t\t\t\t<div class=\"elementor-widget-container\">\n\t\t\t\t\t\t\t<div class=\"tour-content-0\"><h4><strong>Ota ty\u00f6st\u00f6koneen ominaisuudet parhaaseen k\u00e4ytt\u00f6\u00f6n Konesimuloinnin avulla.<\/strong><\/h4>Konesimuloinnin voi k\u00e4ynnist\u00e4\u00e4 synkronoinnin hallinnasta ja n\u00e4et, tapahtuvatko ty\u00f6st\u00f6operaatiot juuri suunnitellulla tavalla sek\u00e4 tarkastamaan operaatioiden v\u00e4linen synkronointi. Ty\u00f6kiertojen ty\u00f6st\u00f6ajat n\u00e4hd\u00e4\u00e4n kerralla ja voit v\u00e4ltell\u00e4 t\u00f6rm\u00e4yksi\u00e4 tutkimalla ty\u00f6st\u00f6ratoja k\u00e4ytt\u00e4en ty\u00f6st\u00f6koneen 3D-mallia.<\/div>\t\t\t\t\t\t<\/div>\n\t\t\t\t<\/div>\n\t\t\t\t\t<\/div>\n\t\t<\/div>\n\t\t\t\t<div class=\"elementor-column elementor-col-50 elementor-top-column elementor-element elementor-element-e6a81ee\" data-id=\"e6a81ee\" data-element_type=\"column\">\n\t\t\t<div class=\"elementor-widget-wrap elementor-element-populated\">\n\t\t\t\t\t\t\t\t<div class=\"elementor-element elementor-element-48d0f36 elementor-widget elementor-widget-spacer\" data-id=\"48d0f36\" data-element_type=\"widget\" data-widget_type=\"spacer.default\">\n\t\t\t\t<div class=\"elementor-widget-container\">\n\t\t\t\t\t<div class=\"elementor-spacer\">\n\t\t\t<div class=\"elementor-spacer-inner\"><\/div>\n\t\t<\/div>\n\t\t\t\t<\/div>\n\t\t\t\t<\/div>\n\t\t\t\t<div class=\"elementor-element elementor-element-890bc79 elementor-widget elementor-widget-image\" data-id=\"890bc79\" data-element_type=\"widget\" data-widget_type=\"image.default\">\n\t\t\t\t<div class=\"elementor-widget-container\">\n\t\t\t\t\t\t\t\t\t\t\t\t\t\t\t<img loading=\"lazy\" decoding=\"async\" width=\"930\" height=\"590\" src=\"https:\/\/mastercam.fi\/wp-content\/uploads\/2023\/09\/Mill-Turn-Sync-Manager-Hi-Res-1024x650.jpg\" class=\"attachment-large size-large wp-image-7180\" alt=\"\" srcset=\"https:\/\/mastercam.fi\/wp-content\/uploads\/2023\/09\/Mill-Turn-Sync-Manager-Hi-Res-1024x650.jpg 1024w, https:\/\/mastercam.fi\/wp-content\/uploads\/2023\/09\/Mill-Turn-Sync-Manager-Hi-Res-300x190.jpg 300w, https:\/\/mastercam.fi\/wp-content\/uploads\/2023\/09\/Mill-Turn-Sync-Manager-Hi-Res-768x487.jpg 768w, https:\/\/mastercam.fi\/wp-content\/uploads\/2023\/09\/Mill-Turn-Sync-Manager-Hi-Res-1536x974.jpg 1536w, https:\/\/mastercam.fi\/wp-content\/uploads\/2023\/09\/Mill-Turn-Sync-Manager-Hi-Res-2048x1299.jpg 2048w, https:\/\/mastercam.fi\/wp-content\/uploads\/2023\/09\/Mill-Turn-Sync-Manager-Hi-Res-2000x1269.jpg 2000w, https:\/\/mastercam.fi\/wp-content\/uploads\/2023\/09\/Mill-Turn-Sync-Manager-Hi-Res-1000x634.jpg 1000w, https:\/\/mastercam.fi\/wp-content\/uploads\/2023\/09\/Mill-Turn-Sync-Manager-Hi-Res-1800x1142.jpg 1800w, https:\/\/mastercam.fi\/wp-content\/uploads\/2023\/09\/Mill-Turn-Sync-Manager-Hi-Res-883x560.jpg 883w, https:\/\/mastercam.fi\/wp-content\/uploads\/2023\/09\/Mill-Turn-Sync-Manager-Hi-Res-600x381.jpg 600w\" sizes=\"auto, (max-width: 930px) 100vw, 930px\" \/>\t\t\t\t\t\t\t\t\t\t\t\t\t\t\t<\/div>\n\t\t\t\t<\/div>\n\t\t\t\t\t<\/div>\n\t\t<\/div>\n\t\t\t\t\t\t\t<\/div>\n\t\t<\/section>\n\t\t\t\t<section class=\"elementor-section elementor-top-section elementor-element elementor-element-d888b42 elementor-section-boxed elementor-section-height-default elementor-section-height-default\" data-id=\"d888b42\" data-element_type=\"section\">\n\t\t\t\t\t\t<div class=\"elementor-container elementor-column-gap-default\">\n\t\t\t\t\t<div class=\"elementor-column elementor-col-50 elementor-top-column elementor-element elementor-element-2b4cb22\" data-id=\"2b4cb22\" data-element_type=\"column\">\n\t\t\t<div class=\"elementor-widget-wrap elementor-element-populated\">\n\t\t\t\t\t\t\t\t<div class=\"elementor-element elementor-element-0654bd3 elementor-widget elementor-widget-spacer\" data-id=\"0654bd3\" data-element_type=\"widget\" data-widget_type=\"spacer.default\">\n\t\t\t\t<div class=\"elementor-widget-container\">\n\t\t\t\t\t<div class=\"elementor-spacer\">\n\t\t\t<div class=\"elementor-spacer-inner\"><\/div>\n\t\t<\/div>\n\t\t\t\t<\/div>\n\t\t\t\t<\/div>\n\t\t\t\t<div class=\"elementor-element elementor-element-1642522 elementor-widget elementor-widget-image\" data-id=\"1642522\" data-element_type=\"widget\" data-widget_type=\"image.default\">\n\t\t\t\t<div class=\"elementor-widget-container\">\n\t\t\t\t\t\t\t\t\t\t\t\t\t\t\t<img loading=\"lazy\" decoding=\"async\" width=\"930\" height=\"523\" src=\"https:\/\/mastercam.fi\/wp-content\/uploads\/2023\/09\/Integrex-Machining-Edit.00_01_28_23.Still004-1024x576.png\" class=\"attachment-large size-large wp-image-7185\" alt=\"\" srcset=\"https:\/\/mastercam.fi\/wp-content\/uploads\/2023\/09\/Integrex-Machining-Edit.00_01_28_23.Still004-1024x576.png 1024w, https:\/\/mastercam.fi\/wp-content\/uploads\/2023\/09\/Integrex-Machining-Edit.00_01_28_23.Still004-300x169.png 300w, https:\/\/mastercam.fi\/wp-content\/uploads\/2023\/09\/Integrex-Machining-Edit.00_01_28_23.Still004-768x432.png 768w, https:\/\/mastercam.fi\/wp-content\/uploads\/2023\/09\/Integrex-Machining-Edit.00_01_28_23.Still004-1536x864.png 1536w, https:\/\/mastercam.fi\/wp-content\/uploads\/2023\/09\/Integrex-Machining-Edit.00_01_28_23.Still004-2048x1152.png 2048w, https:\/\/mastercam.fi\/wp-content\/uploads\/2023\/09\/Integrex-Machining-Edit.00_01_28_23.Still004-2000x1125.png 2000w, https:\/\/mastercam.fi\/wp-content\/uploads\/2023\/09\/Integrex-Machining-Edit.00_01_28_23.Still004-1000x563.png 1000w, https:\/\/mastercam.fi\/wp-content\/uploads\/2023\/09\/Integrex-Machining-Edit.00_01_28_23.Still004-1800x1013.png 1800w, https:\/\/mastercam.fi\/wp-content\/uploads\/2023\/09\/Integrex-Machining-Edit.00_01_28_23.Still004-996x560.png 996w, https:\/\/mastercam.fi\/wp-content\/uploads\/2023\/09\/Integrex-Machining-Edit.00_01_28_23.Still004-600x338.png 600w\" sizes=\"auto, (max-width: 930px) 100vw, 930px\" \/>\t\t\t\t\t\t\t\t\t\t\t\t\t\t\t<\/div>\n\t\t\t\t<\/div>\n\t\t\t\t\t<\/div>\n\t\t<\/div>\n\t\t\t\t<div class=\"elementor-column elementor-col-50 elementor-top-column elementor-element elementor-element-084e123\" data-id=\"084e123\" data-element_type=\"column\">\n\t\t\t<div class=\"elementor-widget-wrap elementor-element-populated\">\n\t\t\t\t\t\t\t\t<div class=\"elementor-element elementor-element-26437ec elementor-widget elementor-widget-spacer\" data-id=\"26437ec\" data-element_type=\"widget\" data-widget_type=\"spacer.default\">\n\t\t\t\t<div class=\"elementor-widget-container\">\n\t\t\t\t\t<div class=\"elementor-spacer\">\n\t\t\t<div class=\"elementor-spacer-inner\"><\/div>\n\t\t<\/div>\n\t\t\t\t<\/div>\n\t\t\t\t<\/div>\n\t\t\t\t<div class=\"elementor-element elementor-element-c9cbd99 elementor-widget elementor-widget-text-editor\" data-id=\"c9cbd99\" data-element_type=\"widget\" data-widget_type=\"text-editor.default\">\n\t\t\t\t<div class=\"elementor-widget-container\">\n\t\t\t\t\t\t\t<div class=\"tour-content-0\"><h4><strong>V\u00e4lt\u00e4 virheit\u00e4. S\u00e4\u00e4st\u00e4 aikaa ja rahaa.<\/strong><\/h4><p>Kaikki ty\u00f6st\u00f6koneen komponentit, ty\u00f6st\u00f6kappaleen aihio sek\u00e4 kiinnittimet otetaan huomioon konesimuloinnissa ja varmistetaan turvallinen ty\u00f6st\u00f6. Mahdolliset t\u00f6rm\u00e4ykset havaitaan n\u00e4yt\u00f6ll\u00e4 ja samalla voidaan simuloida eri tapoja ohjelmoida ty\u00f6st\u00f6\u00e4, ty\u00f6st\u00f6ajan tehostamiseksi. N\u00e4et kaikki ty\u00f6st\u00f6ohjelman kanavat, ty\u00f6st\u00f6prosessin tilastot ja pystyt siirtym\u00e4\u00e4n simulointia mihin tahansa prosessin kohtaan.<\/p><\/div>\t\t\t\t\t\t<\/div>\n\t\t\t\t<\/div>\n\t\t\t\t\t<\/div>\n\t\t<\/div>\n\t\t\t\t\t\t\t<\/div>\n\t\t<\/section>\n\t\t\t\t<section class=\"elementor-section elementor-top-section elementor-element elementor-element-64641f5 elementor-section-boxed elementor-section-height-default elementor-section-height-default\" data-id=\"64641f5\" data-element_type=\"section\">\n\t\t\t\t\t\t<div class=\"elementor-container elementor-column-gap-default\">\n\t\t\t\t\t<div class=\"elementor-column elementor-col-100 elementor-top-column elementor-element elementor-element-f37cc08\" data-id=\"f37cc08\" data-element_type=\"column\">\n\t\t\t<div class=\"elementor-widget-wrap elementor-element-populated\">\n\t\t\t\t\t\t\t\t<div class=\"elementor-element elementor-element-fd1575b elementor-widget elementor-widget-spacer\" data-id=\"fd1575b\" data-element_type=\"widget\" data-widget_type=\"spacer.default\">\n\t\t\t\t<div class=\"elementor-widget-container\">\n\t\t\t\t\t<div class=\"elementor-spacer\">\n\t\t\t<div class=\"elementor-spacer-inner\"><\/div>\n\t\t<\/div>\n\t\t\t\t<\/div>\n\t\t\t\t<\/div>\n\t\t\t\t\t<\/div>\n\t\t<\/div>\n\t\t\t\t\t\t\t<\/div>\n\t\t<\/section>\n\t\t\t\t\t\t\t<\/div>\n\t\t","protected":false},"excerpt":{"rendered":"<p>Mill-Turn Monimutkaistenkin ohjelmien luotettava automatisointi nykyaikaisissa tehokkaissa monitoimikoneissa. Ohjelmoi kerralla valmiiksi, joka kerta. Vaativat ty\u00f6t vaivatta Mastercam Mill-Turn yksinkertaistaa nykyaikaisten, monikanavaisten monitoimikoneiden ohjelmointia. Ty\u00f6 etenee helposti: Valitset koneen ja Mastercam Mill-Turn automatisoi kappaleen siirrot, ty\u00f6kalu-suunnat, aihion m\u00e4\u00e4ritelyn sek\u00e4 muut asetukset. Luot ty\u00f6st\u00f6radat ja synkronoit, tarkastat simuloimalla ja postprosessoit.Muutokset ovat helppoja \u2014 juuri sellaisia kuin ohjelmoinnissa onkin oltava. K\u00e4ytt\u00e4j\u00e4yst\u00e4v\u00e4llinen Mastercamin Synkroninnin hallinta optimoi operaatioiden ty\u00f6st\u00f6ajat ja huomaat mahdolliset t\u00f6rm\u00e4ykset ennen kuin viet kappaletta ty\u00f6st\u00f6koneelle. Ganttkaavion aikajanalla [&hellip;]<\/p>\n","protected":false},"author":1,"featured_media":6698,"parent":0,"menu_order":0,"comment_status":"closed","ping_status":"closed","template":"elementor_header_footer","meta":{"footnotes":""},"class_list":["post-6750","page","type-page","status-publish","has-post-thumbnail","hentry"],"_links":{"self":[{"href":"https:\/\/mastercam.fi\/index.php\/wp-json\/wp\/v2\/pages\/6750","targetHints":{"allow":["GET"]}}],"collection":[{"href":"https:\/\/mastercam.fi\/index.php\/wp-json\/wp\/v2\/pages"}],"about":[{"href":"https:\/\/mastercam.fi\/index.php\/wp-json\/wp\/v2\/types\/page"}],"author":[{"embeddable":true,"href":"https:\/\/mastercam.fi\/index.php\/wp-json\/wp\/v2\/users\/1"}],"replies":[{"embeddable":true,"href":"https:\/\/mastercam.fi\/index.php\/wp-json\/wp\/v2\/comments?post=6750"}],"version-history":[{"count":19,"href":"https:\/\/mastercam.fi\/index.php\/wp-json\/wp\/v2\/pages\/6750\/revisions"}],"predecessor-version":[{"id":7458,"href":"https:\/\/mastercam.fi\/index.php\/wp-json\/wp\/v2\/pages\/6750\/revisions\/7458"}],"wp:featuredmedia":[{"embeddable":true,"href":"https:\/\/mastercam.fi\/index.php\/wp-json\/wp\/v2\/media\/6698"}],"wp:attachment":[{"href":"https:\/\/mastercam.fi\/index.php\/wp-json\/wp\/v2\/media?parent=6750"}],"curies":[{"name":"wp","href":"https:\/\/api.w.org\/{rel}","templated":true}]}}